{"id":100,"date":"2020-12-29T09:58:14","date_gmt":"2020-12-29T09:58:14","guid":{"rendered":"http:\/\/www.ecourbannet.international\/?page_id=100"},"modified":"2020-12-29T16:03:07","modified_gmt":"2020-12-29T16:03:07","slug":"imprint","status":"publish","type":"page","link":"http:\/\/www.ecourbannet.international\/?page_id=100","title":{"rendered":"Imprint"},"content":{"rendered":"\n<p>Name des Medieninhabers: Verein &#8222;Institut f\u00fcr \u00f6kologische Stadtentwicklung&#8220; (Institute for Ecological Urban Development)<\/p>\n\n\n\n<p>Unternehmensgegenstand des Medieninhabers: Vorschl\u00e4ge zur \u00f6kologischen Stadtentwicklung<\/p>\n\n\n\n<p><strong>Institut f\u00fcr \u00f6kologische Stadtentwicklung<\/strong> <strong>Wien<\/strong><\/p>\n\n\n\n<p>e-Mail: office@oekostadt.at&nbsp;<\/p>\n\n\n\n<p>Tel.: (00 43) (0)1 \/ 8769526<\/p>\n\n\n\n<p>ZVR-Zahl: 540131618<\/p>\n\n\n\n<p>Verantwortlich f\u00fcr den Inhalt gem\u00e4\u00df Vereinsgesetz:<br>Vorstand des Instituts:<br><\/p>\n\n\n\n<h2 class=\"wp-block-heading\">Mitglieder des Vorstandes<\/h2>\n\n\n\n<h3 class=\"wp-block-heading\">Vorsitzender<\/h3>\n\n\n\n<p>Mag. Gerhard Kreitner<br><em>g.kreitner@blpgeo.at<br><\/em>Tel.:&nbsp;<em>0699 \/ 12 60 85 96<br>&nbsp;<\/em><\/p>\n","protected":false},"excerpt":{"rendered":"<p>Name des Medieninhabers: Verein &#8222;Institut f\u00fcr \u00f6kologische Stadtentwicklung&#8220; (Institute for Ecological Urban Development) Unternehmensgegenstand des Medieninhabers: Vorschl\u00e4ge zur \u00f6kologischen Stadtentwicklung Institut f\u00fcr \u00f6kologische Stadtentwicklung Wien e-Mail: office@oekostadt.at&nbsp; Tel.: (00 43) (0)1 \/ 8769526 ZVR-Zahl: 540131618 Verantwortlich f\u00fcr den Inhalt gem\u00e4\u00df Vereinsgesetz:Vorstand des Instituts: Mitglieder des Vorstandes Vorsitzender Mag. Gerhard Kreitnerg.kreitner@blpgeo.atTel.:&nbsp;0699 \/ 12 60 85 96&nbsp;<\/p>\n","protected":false},"author":1,"featured_media":0,"parent":0,"menu_order":0,"comment_status":"closed","ping_status":"closed","template":"","meta":{"footnotes":""},"class_list":["post-100","page","type-page","status-publish","hentry","entry"],"_links":{"self":[{"href":"http:\/\/www.ecourbannet.international\/index.php?rest_route=\/wp\/v2\/pages\/100","targetHints":{"allow":["GET"]}}],"collection":[{"href":"http:\/\/www.ecourbannet.international\/index.php?rest_route=\/wp\/v2\/pages"}],"about":[{"href":"http:\/\/www.ecourbannet.international\/index.php?rest_route=\/wp\/v2\/types\/page"}],"author":[{"embeddable":true,"href":"http:\/\/www.ecourbannet.international\/index.php?rest_route=\/wp\/v2\/users\/1"}],"replies":[{"embeddable":true,"href":"http:\/\/www.ecourbannet.international\/index.php?rest_route=%2Fwp%2Fv2%2Fcomments&post=100"}],"version-history":[{"count":7,"href":"http:\/\/www.ecourbannet.international\/index.php?rest_route=\/wp\/v2\/pages\/100\/revisions"}],"predecessor-version":[{"id":120,"href":"http:\/\/www.ecourbannet.international\/index.php?rest_route=\/wp\/v2\/pages\/100\/revisions\/120"}],"wp:attachment":[{"href":"http:\/\/www.ecourbannet.international\/index.php?rest_route=%2Fwp%2Fv2%2Fmedia&parent=100"}],"curies":[{"name":"wp","href":"https:\/\/api.w.org\/{rel}","templated":true}]}}